{"id":813,"date":"2019-12-06T10:57:55","date_gmt":"2019-12-06T09:57:55","guid":{"rendered":"https:\/\/www.socos-services.com\/fab-lab\/"},"modified":"2023-01-16T15:25:47","modified_gmt":"2023-01-16T14:25:47","slug":"fab-lab","status":"publish","type":"page","link":"https:\/\/www.socos-services.com\/en\/fab-lab\/","title":{"rendered":"Fab-lab"},"content":{"rendered":"\r\n<p>Saisir son texte et le contenu dans les blocs en dessous.<\/p>\r\n","protected":false},"excerpt":{"rendered":"<p>Saisir son texte et le contenu dans les blocs en dessous.<\/p>\n","protected":false},"author":1,"featured_media":0,"parent":0,"menu_order":0,"comment_status":"closed","ping_status":"closed","template":"page-fab-lab.php","meta":[],"acf":[],"yoast_head":"<!-- This site is optimized with the Yoast SEO plugin v19.14 - https:\/\/yoast.com\/wordpress\/plugins\/seo\/ -->\n<title>Fab-lab - Socos Services<\/title>\n<meta name=\"robots\" content=\"index, follow, max-snippet:-1, max-image-preview:large, max-video-preview:-1\" \/>\n<link rel=\"canonical\" href=\"https:\/\/www.socos-services.com\/en\/fab-lab\/\" \/>\n<meta property=\"og:locale\" content=\"en_US\" \/>\n<meta property=\"og:type\" content=\"article\" \/>\n<meta property=\"og:title\" content=\"Fab-lab - Socos Services\" \/>\n<meta property=\"og:description\" content=\"Saisir son texte et le contenu dans les blocs en dessous.\" \/>\n<meta property=\"og:url\" content=\"https:\/\/www.socos-services.com\/en\/fab-lab\/\" \/>\n<meta property=\"og:site_name\" content=\"Socos Services\" \/>\n<meta property=\"article:modified_time\" content=\"2023-01-16T14:25:47+00:00\" \/>\n<meta name=\"twitter:card\" content=\"summary_large_image\" \/>\n<meta name=\"twitter:label1\" content=\"Est. reading time\" \/>\n\t<meta name=\"twitter:data1\" content=\"1 minute\" \/>\n<script type=\"application\/ld+json\" class=\"yoast-schema-graph\">{\"@context\":\"https:\/\/schema.org\",\"@graph\":[{\"@type\":\"WebPage\",\"@id\":\"https:\/\/www.socos-services.com\/en\/fab-lab\/\",\"url\":\"https:\/\/www.socos-services.com\/en\/fab-lab\/\",\"name\":\"Fab-lab - Socos Services\",\"isPartOf\":{\"@id\":\"https:\/\/www.socos-services.com\/#website\"},\"datePublished\":\"2019-12-06T09:57:55+00:00\",\"dateModified\":\"2023-01-16T14:25:47+00:00\",\"breadcrumb\":{\"@id\":\"https:\/\/www.socos-services.com\/en\/fab-lab\/#breadcrumb\"},\"inLanguage\":\"en-US\",\"potentialAction\":[{\"@type\":\"ReadAction\",\"target\":[\"https:\/\/www.socos-services.com\/en\/fab-lab\/\"]}]},{\"@type\":\"BreadcrumbList\",\"@id\":\"https:\/\/www.socos-services.com\/en\/fab-lab\/#breadcrumb\",\"itemListElement\":[{\"@type\":\"ListItem\",\"position\":1,\"name\":\"Accueil\",\"item\":\"https:\/\/www.socos-services.com\/en\/\"},{\"@type\":\"ListItem\",\"position\":2,\"name\":\"Fab-lab\"}]},{\"@type\":\"WebSite\",\"@id\":\"https:\/\/www.socos-services.com\/#website\",\"url\":\"https:\/\/www.socos-services.com\/\",\"name\":\"Socos Services\",\"description\":\"Socos Services d\u00e9velopp\u00e9 par Interlude Sant\u00e9\",\"potentialAction\":[{\"@type\":\"SearchAction\",\"target\":{\"@type\":\"EntryPoint\",\"urlTemplate\":\"https:\/\/www.socos-services.com\/?s={search_term_string}\"},\"query-input\":\"required name=search_term_string\"}],\"inLanguage\":\"en-US\"}]}<\/script>\n<!-- \/ Yoast SEO plugin. -->","yoast_head_json":{"title":"Fab-lab - Socos Services","robots":{"index":"index","follow":"follow","max-snippet":"max-snippet:-1","max-image-preview":"max-image-preview:large","max-video-preview":"max-video-preview:-1"},"canonical":"https:\/\/www.socos-services.com\/en\/fab-lab\/","og_locale":"en_US","og_type":"article","og_title":"Fab-lab - Socos Services","og_description":"Saisir son texte et le contenu dans les blocs en dessous.","og_url":"https:\/\/www.socos-services.com\/en\/fab-lab\/","og_site_name":"Socos Services","article_modified_time":"2023-01-16T14:25:47+00:00","twitter_card":"summary_large_image","twitter_misc":{"Est. reading time":"1 minute"},"schema":{"@context":"https:\/\/schema.org","@graph":[{"@type":"WebPage","@id":"https:\/\/www.socos-services.com\/en\/fab-lab\/","url":"https:\/\/www.socos-services.com\/en\/fab-lab\/","name":"Fab-lab - Socos Services","isPartOf":{"@id":"https:\/\/www.socos-services.com\/#website"},"datePublished":"2019-12-06T09:57:55+00:00","dateModified":"2023-01-16T14:25:47+00:00","breadcrumb":{"@id":"https:\/\/www.socos-services.com\/en\/fab-lab\/#breadcrumb"},"inLanguage":"en-US","potentialAction":[{"@type":"ReadAction","target":["https:\/\/www.socos-services.com\/en\/fab-lab\/"]}]},{"@type":"BreadcrumbList","@id":"https:\/\/www.socos-services.com\/en\/fab-lab\/#breadcrumb","itemListElement":[{"@type":"ListItem","position":1,"name":"Accueil","item":"https:\/\/www.socos-services.com\/en\/"},{"@type":"ListItem","position":2,"name":"Fab-lab"}]},{"@type":"WebSite","@id":"https:\/\/www.socos-services.com\/#website","url":"https:\/\/www.socos-services.com\/","name":"Socos Services","description":"Socos Services d\u00e9velopp\u00e9 par Interlude Sant\u00e9","potentialAction":[{"@type":"SearchAction","target":{"@type":"EntryPoint","urlTemplate":"https:\/\/www.socos-services.com\/?s={search_term_string}"},"query-input":"required name=search_term_string"}],"inLanguage":"en-US"}]}},"_links":{"self":[{"href":"https:\/\/www.socos-services.com\/en\/wp-json\/wp\/v2\/pages\/813"}],"collection":[{"href":"https:\/\/www.socos-services.com\/en\/wp-json\/wp\/v2\/pages"}],"about":[{"href":"https:\/\/www.socos-services.com\/en\/wp-json\/wp\/v2\/types\/page"}],"author":[{"embeddable":true,"href":"https:\/\/www.socos-services.com\/en\/wp-json\/wp\/v2\/users\/1"}],"replies":[{"embeddable":true,"href":"https:\/\/www.socos-services.com\/en\/wp-json\/wp\/v2\/comments?post=813"}],"version-history":[{"count":5,"href":"https:\/\/www.socos-services.com\/en\/wp-json\/wp\/v2\/pages\/813\/revisions"}],"predecessor-version":[{"id":1191,"href":"https:\/\/www.socos-services.com\/en\/wp-json\/wp\/v2\/pages\/813\/revisions\/1191"}],"wp:attachment":[{"href":"https:\/\/www.socos-services.com\/en\/wp-json\/wp\/v2\/media?parent=813"}],"curies":[{"name":"wp","href":"https:\/\/api.w.org\/{rel}","templated":true}]}}