{"id":817,"date":"2019-03-27T11:04:21","date_gmt":"2019-03-27T10:04:21","guid":{"rendered":"https:\/\/www.socos-services.com\/contact\/"},"modified":"2023-01-16T15:21:13","modified_gmt":"2023-01-16T14:21:13","slug":"contact","status":"publish","type":"page","link":"https:\/\/www.socos-services.com\/en\/contact\/","title":{"rendered":"Contact"},"content":{"rendered":"<h2>Contact-us<\/h2>\r\n<div class=\"wpcf7 no-js\" id=\"wpcf7-f863-o1\" lang=\"fr-FR\" dir=\"ltr\">\n<div class=\"screen-reader-response\"><p role=\"status\" aria-live=\"polite\" aria-atomic=\"true\"><\/p> <ul><\/ul><\/div>\n<form action=\"\/en\/wp-json\/wp\/v2\/pages\/817#wpcf7-f863-o1\" method=\"post\" class=\"wpcf7-form init\" aria-label=\"Formulaire de contact\" novalidate=\"novalidate\" data-status=\"init\">\n<div style=\"display: none;\">\n<input type=\"hidden\" name=\"_wpcf7\" value=\"863\" \/>\n<input type=\"hidden\" name=\"_wpcf7_version\" value=\"5.7.2\" \/>\n<input type=\"hidden\" name=\"_wpcf7_locale\" value=\"fr_FR\" \/>\n<input type=\"hidden\" name=\"_wpcf7_unit_tag\" value=\"wpcf7-f863-o1\" \/>\n<input type=\"hidden\" name=\"_wpcf7_container_post\" value=\"0\" \/>\n<input type=\"hidden\" name=\"_wpcf7_posted_data_hash\" value=\"\" \/>\n<\/div>\n<p><label> First name & last name*<br \/>\n<span class=\"wpcf7-form-control-wrap\" data-name=\"your-name\"><input size=\"40\" class=\"wpcf7-form-control wpcf7-text wpcf7-validates-as-required\" aria-required=\"true\" aria-invalid=\"false\" value=\"\" type=\"text\" name=\"your-name\" \/><\/span> <\/label>\n<\/p>\n<p><label> Email*<br \/>\n<span class=\"wpcf7-form-control-wrap\" data-name=\"your-email\"><input size=\"40\" class=\"wpcf7-form-control wpcf7-text wpcf7-email wpcf7-validates-as-required wpcf7-validates-as-email\" aria-required=\"true\" aria-invalid=\"false\" value=\"\" type=\"email\" name=\"your-email\" \/><\/span> <\/label><span id=\"wpcf7-69e049934cd61-wrapper\" class=\"wpcf7-form-control-wrap email-confirmation-wrap\" ><input type=\"hidden\" name=\"email-confirmation-time-start\" value=\"1776306579\"><input type=\"hidden\" name=\"email-confirmation-time-check\" value=\"10\"><label for=\"wpcf7-69e049934cd61-field\" class=\"hp-message\">nepasrenseigner<\/label><input id=\"wpcf7-69e049934cd61-field\"  placeholder=\"nepasrenseigner\"  class=\"wpcf7-form-control wpcf7-text\" type=\"text\" name=\"email-confirmation\" value=\"\" size=\"40\" tabindex=\"-1\" autocomplete=\"new-password\" \/><\/span>\n<\/p>\n<p><label> Phone<br \/>\n<span class=\"wpcf7-form-control-wrap\" data-name=\"Telephone\"><input size=\"40\" class=\"wpcf7-form-control wpcf7-text wpcf7-tel wpcf7-validates-as-tel\" aria-invalid=\"false\" value=\"\" type=\"tel\" name=\"Telephone\" \/><\/span> <\/label>\n<\/p>\n<p><label> Message<br \/>\n<span class=\"wpcf7-form-control-wrap\" data-name=\"your-message\"><textarea cols=\"40\" rows=\"10\" class=\"wpcf7-form-control wpcf7-textarea\" aria-invalid=\"false\" name=\"your-message\"><\/textarea><\/span> <\/label>\n<\/p>\n<div class=\"accept\">\n\t<p><span class=\"wpcf7-form-control-wrap\" data-name=\"acceptance-801\"><span class=\"wpcf7-form-control wpcf7-acceptance\"><span class=\"wpcf7-list-item\"><label><input type=\"checkbox\" name=\"acceptance-801\" value=\"1\" aria-invalid=\"false\" \/><span class=\"wpcf7-list-item-label\"><p> By submitting this form I agree that the information entered shall be only used to contact me <\/p><\/span><\/label><\/span><\/span><\/span>\n\t<\/p>\n<\/div>\n<p><input class=\"wpcf7-form-control has-spinner wpcf7-submit\" id=\"btnEnvoi\" type=\"submit\" value=\"Send\" \/>\n<\/p><div class=\"wpcf7-response-output\" aria-hidden=\"true\"><\/div><\/form><\/div>\r\n\r\n<p>&nbsp;<\/p>\r\n","protected":false},"excerpt":{"rendered":"<p>Contact-us &nbsp;<\/p>\n","protected":false},"author":1,"featured_media":0,"parent":0,"menu_order":0,"comment_status":"closed","ping_status":"closed","template":"page-contact.php","meta":[],"acf":[],"yoast_head":"<!-- This site is optimized with the Yoast SEO plugin v19.14 - https:\/\/yoast.com\/wordpress\/plugins\/seo\/ -->\n<title>Socos Services - Contact-us<\/title>\n<meta name=\"description\" content=\"Envoyez-nous un mail ou appelez-nous, nous sommes l\u00e0 pour vous r\u00e9pondre \u2014 SOCOS SERVICES \u2014 1223 Avenue Saint-Just \u2014 BP 30585 \u2014 77000 Vaux-Le-P\u00e9nil\" \/>\n<meta name=\"robots\" content=\"index, follow, max-snippet:-1, max-image-preview:large, max-video-preview:-1\" \/>\n<link rel=\"canonical\" href=\"https:\/\/www.socos-services.com\/en\/contact\/\" \/>\n<meta property=\"og:locale\" content=\"en_US\" \/>\n<meta property=\"og:type\" content=\"article\" \/>\n<meta property=\"og:title\" content=\"Socos Services - Contact-us\" \/>\n<meta property=\"og:description\" content=\"Envoyez-nous un mail ou appelez-nous, nous sommes l\u00e0 pour vous r\u00e9pondre \u2014 SOCOS SERVICES \u2014 1223 Avenue Saint-Just \u2014 BP 30585 \u2014 77000 Vaux-Le-P\u00e9nil\" \/>\n<meta property=\"og:url\" content=\"https:\/\/www.socos-services.com\/en\/contact\/\" \/>\n<meta property=\"og:site_name\" content=\"Socos Services\" \/>\n<meta property=\"article:modified_time\" content=\"2023-01-16T14:21:13+00:00\" \/>\n<meta name=\"twitter:card\" content=\"summary_large_image\" \/>\n<meta name=\"twitter:label1\" content=\"Est. reading time\" \/>\n\t<meta name=\"twitter:data1\" content=\"1 minute\" \/>\n<script type=\"application\/ld+json\" class=\"yoast-schema-graph\">{\"@context\":\"https:\/\/schema.org\",\"@graph\":[{\"@type\":\"WebPage\",\"@id\":\"https:\/\/www.socos-services.com\/en\/contact\/\",\"url\":\"https:\/\/www.socos-services.com\/en\/contact\/\",\"name\":\"Socos Services - Contact-us\",\"isPartOf\":{\"@id\":\"https:\/\/www.socos-services.com\/#website\"},\"datePublished\":\"2019-03-27T10:04:21+00:00\",\"dateModified\":\"2023-01-16T14:21:13+00:00\",\"description\":\"Envoyez-nous un mail ou appelez-nous, nous sommes l\u00e0 pour vous r\u00e9pondre \u2014 SOCOS SERVICES \u2014 1223 Avenue Saint-Just \u2014 BP 30585 \u2014 77000 Vaux-Le-P\u00e9nil\",\"breadcrumb\":{\"@id\":\"https:\/\/www.socos-services.com\/en\/contact\/#breadcrumb\"},\"inLanguage\":\"en-US\",\"potentialAction\":[{\"@type\":\"ReadAction\",\"target\":[\"https:\/\/www.socos-services.com\/en\/contact\/\"]}]},{\"@type\":\"BreadcrumbList\",\"@id\":\"https:\/\/www.socos-services.com\/en\/contact\/#breadcrumb\",\"itemListElement\":[{\"@type\":\"ListItem\",\"position\":1,\"name\":\"Accueil\",\"item\":\"https:\/\/www.socos-services.com\/en\/\"},{\"@type\":\"ListItem\",\"position\":2,\"name\":\"Contact\"}]},{\"@type\":\"WebSite\",\"@id\":\"https:\/\/www.socos-services.com\/#website\",\"url\":\"https:\/\/www.socos-services.com\/\",\"name\":\"Socos Services\",\"description\":\"Socos Services d\u00e9velopp\u00e9 par Interlude Sant\u00e9\",\"potentialAction\":[{\"@type\":\"SearchAction\",\"target\":{\"@type\":\"EntryPoint\",\"urlTemplate\":\"https:\/\/www.socos-services.com\/?s={search_term_string}\"},\"query-input\":\"required name=search_term_string\"}],\"inLanguage\":\"en-US\"}]}<\/script>\n<!-- \/ Yoast SEO plugin. -->","yoast_head_json":{"title":"Socos Services - Contact-us","description":"Envoyez-nous un mail ou appelez-nous, nous sommes l\u00e0 pour vous r\u00e9pondre \u2014 SOCOS SERVICES \u2014 1223 Avenue Saint-Just \u2014 BP 30585 \u2014 77000 Vaux-Le-P\u00e9nil","robots":{"index":"index","follow":"follow","max-snippet":"max-snippet:-1","max-image-preview":"max-image-preview:large","max-video-preview":"max-video-preview:-1"},"canonical":"https:\/\/www.socos-services.com\/en\/contact\/","og_locale":"en_US","og_type":"article","og_title":"Socos Services - Contact-us","og_description":"Envoyez-nous un mail ou appelez-nous, nous sommes l\u00e0 pour vous r\u00e9pondre \u2014 SOCOS SERVICES \u2014 1223 Avenue Saint-Just \u2014 BP 30585 \u2014 77000 Vaux-Le-P\u00e9nil","og_url":"https:\/\/www.socos-services.com\/en\/contact\/","og_site_name":"Socos Services","article_modified_time":"2023-01-16T14:21:13+00:00","twitter_card":"summary_large_image","twitter_misc":{"Est. reading time":"1 minute"},"schema":{"@context":"https:\/\/schema.org","@graph":[{"@type":"WebPage","@id":"https:\/\/www.socos-services.com\/en\/contact\/","url":"https:\/\/www.socos-services.com\/en\/contact\/","name":"Socos Services - Contact-us","isPartOf":{"@id":"https:\/\/www.socos-services.com\/#website"},"datePublished":"2019-03-27T10:04:21+00:00","dateModified":"2023-01-16T14:21:13+00:00","description":"Envoyez-nous un mail ou appelez-nous, nous sommes l\u00e0 pour vous r\u00e9pondre \u2014 SOCOS SERVICES \u2014 1223 Avenue Saint-Just \u2014 BP 30585 \u2014 77000 Vaux-Le-P\u00e9nil","breadcrumb":{"@id":"https:\/\/www.socos-services.com\/en\/contact\/#breadcrumb"},"inLanguage":"en-US","potentialAction":[{"@type":"ReadAction","target":["https:\/\/www.socos-services.com\/en\/contact\/"]}]},{"@type":"BreadcrumbList","@id":"https:\/\/www.socos-services.com\/en\/contact\/#breadcrumb","itemListElement":[{"@type":"ListItem","position":1,"name":"Accueil","item":"https:\/\/www.socos-services.com\/en\/"},{"@type":"ListItem","position":2,"name":"Contact"}]},{"@type":"WebSite","@id":"https:\/\/www.socos-services.com\/#website","url":"https:\/\/www.socos-services.com\/","name":"Socos Services","description":"Socos Services d\u00e9velopp\u00e9 par Interlude Sant\u00e9","potentialAction":[{"@type":"SearchAction","target":{"@type":"EntryPoint","urlTemplate":"https:\/\/www.socos-services.com\/?s={search_term_string}"},"query-input":"required name=search_term_string"}],"inLanguage":"en-US"}]}},"_links":{"self":[{"href":"https:\/\/www.socos-services.com\/en\/wp-json\/wp\/v2\/pages\/817"}],"collection":[{"href":"https:\/\/www.socos-services.com\/en\/wp-json\/wp\/v2\/pages"}],"about":[{"href":"https:\/\/www.socos-services.com\/en\/wp-json\/wp\/v2\/types\/page"}],"author":[{"embeddable":true,"href":"https:\/\/www.socos-services.com\/en\/wp-json\/wp\/v2\/users\/1"}],"replies":[{"embeddable":true,"href":"https:\/\/www.socos-services.com\/en\/wp-json\/wp\/v2\/comments?post=817"}],"version-history":[{"count":12,"href":"https:\/\/www.socos-services.com\/en\/wp-json\/wp\/v2\/pages\/817\/revisions"}],"predecessor-version":[{"id":1190,"href":"https:\/\/www.socos-services.com\/en\/wp-json\/wp\/v2\/pages\/817\/revisions\/1190"}],"wp:attachment":[{"href":"https:\/\/www.socos-services.com\/en\/wp-json\/wp\/v2\/media?parent=817"}],"curies":[{"name":"wp","href":"https:\/\/api.w.org\/{rel}","templated":true}]}}